{"id":210,"date":"2020-05-12T13:44:30","date_gmt":"2020-05-12T11:44:30","guid":{"rendered":"https:\/\/www.florian-klaus.de\/?page_id=210"},"modified":"2023-09-05T17:32:35","modified_gmt":"2023-09-05T15:32:35","slug":"selbstdarstellung-im-21-jahrhundert","status":"publish","type":"page","link":"https:\/\/www.florian-klaus.de\/index.php\/selbstdarstellung-im-21-jahrhundert\/","title":{"rendered":"Selbstdarstellung im 21. Jahrhundert"},"content":{"rendered":"\n<p>Der Aufmacher meiner letzten Homepage war mein technischer Werdegang. Aber einerseits f\u00fchle ich mich dadurch auf ein Thema festgelegt und andererseits ist es einfach nicht mehr zeitgem\u00e4\u00df. Selbst wenn ich eine Website erstellen w\u00fcrde, welche thematisch meinen Umgang mit Computern priorisiert, m\u00fcsste ich doch einen zweiten thematisch fremden Blog aufsetzen um auf diesem dann alles zu bloggen was nicht mit CPUs und \u00e4hnlichem zu tun hat. Daraufhin w\u00fcrde dann ein Instagram Account folgen auf dem ich meine Fotos hochladen w\u00fcrde und auch diesen m\u00fcsste ich verlinken. Zuletzt m\u00fcsste ich noch alles mit meinem Twitter- und Facebook-Account verlinken. Ziel dieser Homepage ist es, alles auf einer Plattform zu hosten. M\u00f6glichst die Links im &#8218;eigenen Haus&#8216; halten. Allerdings erm\u00f6glicht diese All-in-One-Page dann einen ziemlich tiefen Einblick in mein Berufs- und Privatleben, sie verbindet dann ein pers\u00f6nliches Bewegungsprofil mit Ansichten, berufliche Thematiken mit privaten Meinungen, ausf\u00fchrlich recherchierte Artikel mit Twitter One-Linern, sprich, es wird die ultimative Selbstdarstellung. Dies wirft Fragen auf. Vom Datenschutz, wo ich mitunter paranoid agiere, mal abgesehen, stellen sich dennoch mehrere Fragen:<\/p>\n\n\n\n<ul class=\"wp-block-list\">\n<li>Muss das sein?<\/li>\n\n\n\n<li>Bist du nicht zu alt daf\u00fcr?<\/li>\n\n\n\n<li>Was und wen versuchst du damit zu erreichen?<\/li>\n<\/ul>\n\n\n\n<p>Die Eingangsfrage darf jeder f\u00fcr sich selbst beantworten. \u00dcber die zweite Frage habe ich lange sinniert. Ich bin erst nach meiner Mutter zu Facebook gesto\u00dfen und bin kein gro\u00dfer Freund von Nachrichten wie: Bin &#8222;in\/auf \u2026. im Urlaub&#8220;. Habe XYZ gegessen. Allerdings bin ich Fan von Twitter als Nachrichten Kanal. Leider ist Twitter anscheinend in Deutschland noch nicht so angekommen wie FB, weswegen zwecks Erreichbarkeit Facebook involviert werden muss\/sollte. Adressiert werden sollen Interessierte. Das kann mein n\u00e4chster Arbeitgeber, meine n\u00e4chste Freundin oder der Gespr\u00e4chspartner der letzten Party sein. Zudem soll es mir erm\u00f6glichen, ein Profil zu pflegen, und nicht ein XING, ein LinkedIn, ein Facebook, ein Instagram und ein Twitter-Profil pflegen zu m\u00fcssen. Selbstdarstellung in 2019, diesmal streamlined!<\/p>\n","protected":false},"excerpt":{"rendered":"<p>Der Aufmacher meiner letzten Homepage war mein technischer Werdegang. Aber einerseits f\u00fchle ich mich dadurch auf ein Thema festgelegt und andererseits ist es einfach nicht mehr zeitgem\u00e4\u00df. Selbst wenn ich eine Website erstellen w\u00fcrde, welche thematisch meinen Umgang mit Computern priorisiert, m\u00fcsste ich doch einen zweiten thematisch fremden Blog aufsetzen um auf diesem dann alles &hellip; <\/p>\n<p><a class=\"more-link btn\" href=\"https:\/\/www.florian-klaus.de\/index.php\/selbstdarstellung-im-21-jahrhundert\/\">Continue reading<\/a><\/p>\n","protected":false},"author":1,"featured_media":0,"parent":0,"menu_order":0,"comment_status":"closed","ping_status":"closed","template":"","meta":{"footnotes":""},"class_list":["post-210","page","type-page","status-publish","hentry","nodate","item-wrap"],"yoast_head":"<!-- This site is optimized with the Yoast SEO plugin v25.6 - https:\/\/yoast.com\/wordpress\/plugins\/seo\/ -->\n<title>Selbstdarstellung im 21. Jahrhundert - www.florian-klaus.de<\/title>\n<meta name=\"robots\" content=\"index, follow, max-snippet:-1, max-image-preview:large, max-video-preview:-1\" \/>\n<link rel=\"canonical\" href=\"https:\/\/www.florian-klaus.de\/index.php\/selbstdarstellung-im-21-jahrhundert\/\" \/>\n<meta property=\"og:locale\" content=\"de_DE\" \/>\n<meta property=\"og:type\" content=\"article\" \/>\n<meta property=\"og:title\" content=\"Selbstdarstellung im 21. Jahrhundert - www.florian-klaus.de\" \/>\n<meta property=\"og:description\" content=\"Der Aufmacher meiner letzten Homepage war mein technischer Werdegang. Aber einerseits f\u00fchle ich mich dadurch auf ein Thema festgelegt und andererseits ist es einfach nicht mehr zeitgem\u00e4\u00df. Selbst wenn ich eine Website erstellen w\u00fcrde, welche thematisch meinen Umgang mit Computern priorisiert, m\u00fcsste ich doch einen zweiten thematisch fremden Blog aufsetzen um auf diesem dann alles &hellip; Continue reading\" \/>\n<meta property=\"og:url\" content=\"https:\/\/www.florian-klaus.de\/index.php\/selbstdarstellung-im-21-jahrhundert\/\" \/>\n<meta property=\"og:site_name\" content=\"www.florian-klaus.de\" \/>\n<meta property=\"article:modified_time\" content=\"2023-09-05T15:32:35+00:00\" \/>\n<meta name=\"twitter:card\" content=\"summary_large_image\" \/>\n<meta name=\"twitter:site\" content=\"@bballjunkieflow\" \/>\n<meta name=\"twitter:label1\" content=\"Gesch\u00e4tzte Lesezeit\" \/>\n\t<meta name=\"twitter:data1\" content=\"2\u00a0Minuten\" \/>\n<script type=\"application\/ld+json\" class=\"yoast-schema-graph\">{\"@context\":\"https:\/\/schema.org\",\"@graph\":[{\"@type\":\"WebPage\",\"@id\":\"https:\/\/www.florian-klaus.de\/index.php\/selbstdarstellung-im-21-jahrhundert\/\",\"url\":\"https:\/\/www.florian-klaus.de\/index.php\/selbstdarstellung-im-21-jahrhundert\/\",\"name\":\"Selbstdarstellung im 21. Jahrhundert - www.florian-klaus.de\",\"isPartOf\":{\"@id\":\"https:\/\/www.florian-klaus.de\/#website\"},\"datePublished\":\"2020-05-12T11:44:30+00:00\",\"dateModified\":\"2023-09-05T15:32:35+00:00\",\"breadcrumb\":{\"@id\":\"https:\/\/www.florian-klaus.de\/index.php\/selbstdarstellung-im-21-jahrhundert\/#breadcrumb\"},\"inLanguage\":\"de\",\"potentialAction\":[{\"@type\":\"ReadAction\",\"target\":[\"https:\/\/www.florian-klaus.de\/index.php\/selbstdarstellung-im-21-jahrhundert\/\"]}]},{\"@type\":\"BreadcrumbList\",\"@id\":\"https:\/\/www.florian-klaus.de\/index.php\/selbstdarstellung-im-21-jahrhundert\/#breadcrumb\",\"itemListElement\":[{\"@type\":\"ListItem\",\"position\":1,\"name\":\"Home\",\"item\":\"https:\/\/www.florian-klaus.de\/\"},{\"@type\":\"ListItem\",\"position\":2,\"name\":\"Selbstdarstellung im 21. Jahrhundert\"}]},{\"@type\":\"WebSite\",\"@id\":\"https:\/\/www.florian-klaus.de\/#website\",\"url\":\"https:\/\/www.florian-klaus.de\/\",\"name\":\"www.florian-klaus.de\",\"description\":\"self-portrayal streamlined\",\"publisher\":{\"@id\":\"https:\/\/www.florian-klaus.de\/#\/schema\/person\/e42d488306a14de51fae9c2aa19f95a9\"},\"potentialAction\":[{\"@type\":\"SearchAction\",\"target\":{\"@type\":\"EntryPoint\",\"urlTemplate\":\"https:\/\/www.florian-klaus.de\/?s={search_term_string}\"},\"query-input\":{\"@type\":\"PropertyValueSpecification\",\"valueRequired\":true,\"valueName\":\"search_term_string\"}}],\"inLanguage\":\"de\"},{\"@type\":[\"Person\",\"Organization\"],\"@id\":\"https:\/\/www.florian-klaus.de\/#\/schema\/person\/e42d488306a14de51fae9c2aa19f95a9\",\"name\":\"Florian Klaus\",\"image\":{\"@type\":\"ImageObject\",\"inLanguage\":\"de\",\"@id\":\"https:\/\/www.florian-klaus.de\/#\/schema\/person\/image\/\",\"url\":\"https:\/\/secure.gravatar.com\/avatar\/f6308ba1e8ac765e3b92f1387a1fcc75b30d99c2053687bcc7be52709ca8aea7?s=96&d=mm&r=g\",\"contentUrl\":\"https:\/\/secure.gravatar.com\/avatar\/f6308ba1e8ac765e3b92f1387a1fcc75b30d99c2053687bcc7be52709ca8aea7?s=96&d=mm&r=g\",\"caption\":\"Florian Klaus\"},\"logo\":{\"@id\":\"https:\/\/www.florian-klaus.de\/#\/schema\/person\/image\/\"},\"description\":\"Systeminformatiker, Schwerpunkt Integration. Hobbys: Basketball, Am. Football. E-Sports, Podcasts\",\"sameAs\":[\"https:\/\/www.florian-klaus.de\",\"https:\/\/x.com\/bballjunkieflow\"]}]}<\/script>\n<!-- \/ Yoast SEO plugin. -->","yoast_head_json":{"title":"Selbstdarstellung im 21. Jahrhundert - www.florian-klaus.de","robots":{"index":"index","follow":"follow","max-snippet":"max-snippet:-1","max-image-preview":"max-image-preview:large","max-video-preview":"max-video-preview:-1"},"canonical":"https:\/\/www.florian-klaus.de\/index.php\/selbstdarstellung-im-21-jahrhundert\/","og_locale":"de_DE","og_type":"article","og_title":"Selbstdarstellung im 21. Jahrhundert - www.florian-klaus.de","og_description":"Der Aufmacher meiner letzten Homepage war mein technischer Werdegang. Aber einerseits f\u00fchle ich mich dadurch auf ein Thema festgelegt und andererseits ist es einfach nicht mehr zeitgem\u00e4\u00df. Selbst wenn ich eine Website erstellen w\u00fcrde, welche thematisch meinen Umgang mit Computern priorisiert, m\u00fcsste ich doch einen zweiten thematisch fremden Blog aufsetzen um auf diesem dann alles &hellip; Continue reading","og_url":"https:\/\/www.florian-klaus.de\/index.php\/selbstdarstellung-im-21-jahrhundert\/","og_site_name":"www.florian-klaus.de","article_modified_time":"2023-09-05T15:32:35+00:00","twitter_card":"summary_large_image","twitter_site":"@bballjunkieflow","twitter_misc":{"Gesch\u00e4tzte Lesezeit":"2\u00a0Minuten"},"schema":{"@context":"https:\/\/schema.org","@graph":[{"@type":"WebPage","@id":"https:\/\/www.florian-klaus.de\/index.php\/selbstdarstellung-im-21-jahrhundert\/","url":"https:\/\/www.florian-klaus.de\/index.php\/selbstdarstellung-im-21-jahrhundert\/","name":"Selbstdarstellung im 21. Jahrhundert - www.florian-klaus.de","isPartOf":{"@id":"https:\/\/www.florian-klaus.de\/#website"},"datePublished":"2020-05-12T11:44:30+00:00","dateModified":"2023-09-05T15:32:35+00:00","breadcrumb":{"@id":"https:\/\/www.florian-klaus.de\/index.php\/selbstdarstellung-im-21-jahrhundert\/#breadcrumb"},"inLanguage":"de","potentialAction":[{"@type":"ReadAction","target":["https:\/\/www.florian-klaus.de\/index.php\/selbstdarstellung-im-21-jahrhundert\/"]}]},{"@type":"BreadcrumbList","@id":"https:\/\/www.florian-klaus.de\/index.php\/selbstdarstellung-im-21-jahrhundert\/#breadcrumb","itemListElement":[{"@type":"ListItem","position":1,"name":"Home","item":"https:\/\/www.florian-klaus.de\/"},{"@type":"ListItem","position":2,"name":"Selbstdarstellung im 21. Jahrhundert"}]},{"@type":"WebSite","@id":"https:\/\/www.florian-klaus.de\/#website","url":"https:\/\/www.florian-klaus.de\/","name":"www.florian-klaus.de","description":"self-portrayal streamlined","publisher":{"@id":"https:\/\/www.florian-klaus.de\/#\/schema\/person\/e42d488306a14de51fae9c2aa19f95a9"},"potentialAction":[{"@type":"SearchAction","target":{"@type":"EntryPoint","urlTemplate":"https:\/\/www.florian-klaus.de\/?s={search_term_string}"},"query-input":{"@type":"PropertyValueSpecification","valueRequired":true,"valueName":"search_term_string"}}],"inLanguage":"de"},{"@type":["Person","Organization"],"@id":"https:\/\/www.florian-klaus.de\/#\/schema\/person\/e42d488306a14de51fae9c2aa19f95a9","name":"Florian Klaus","image":{"@type":"ImageObject","inLanguage":"de","@id":"https:\/\/www.florian-klaus.de\/#\/schema\/person\/image\/","url":"https:\/\/secure.gravatar.com\/avatar\/f6308ba1e8ac765e3b92f1387a1fcc75b30d99c2053687bcc7be52709ca8aea7?s=96&d=mm&r=g","contentUrl":"https:\/\/secure.gravatar.com\/avatar\/f6308ba1e8ac765e3b92f1387a1fcc75b30d99c2053687bcc7be52709ca8aea7?s=96&d=mm&r=g","caption":"Florian Klaus"},"logo":{"@id":"https:\/\/www.florian-klaus.de\/#\/schema\/person\/image\/"},"description":"Systeminformatiker, Schwerpunkt Integration. Hobbys: Basketball, Am. Football. E-Sports, Podcasts","sameAs":["https:\/\/www.florian-klaus.de","https:\/\/x.com\/bballjunkieflow"]}]}},"_links":{"self":[{"href":"https:\/\/www.florian-klaus.de\/index.php\/wp-json\/wp\/v2\/pages\/210","targetHints":{"allow":["GET"]}}],"collection":[{"href":"https:\/\/www.florian-klaus.de\/index.php\/wp-json\/wp\/v2\/pages"}],"about":[{"href":"https:\/\/www.florian-klaus.de\/index.php\/wp-json\/wp\/v2\/types\/page"}],"author":[{"embeddable":true,"href":"https:\/\/www.florian-klaus.de\/index.php\/wp-json\/wp\/v2\/users\/1"}],"replies":[{"embeddable":true,"href":"https:\/\/www.florian-klaus.de\/index.php\/wp-json\/wp\/v2\/comments?post=210"}],"version-history":[{"count":2,"href":"https:\/\/www.florian-klaus.de\/index.php\/wp-json\/wp\/v2\/pages\/210\/revisions"}],"predecessor-version":[{"id":262,"href":"https:\/\/www.florian-klaus.de\/index.php\/wp-json\/wp\/v2\/pages\/210\/revisions\/262"}],"wp:attachment":[{"href":"https:\/\/www.florian-klaus.de\/index.php\/wp-json\/wp\/v2\/media?parent=210"}],"curies":[{"name":"wp","href":"https:\/\/api.w.org\/{rel}","templated":true}]}}